{"id":5,"date":"2016-12-02T10:44:36","date_gmt":"2016-12-02T10:44:36","guid":{"rendered":"http:\/\/gravity.axiomthemes.com\/?page_id=5"},"modified":"2022-03-03T06:56:29","modified_gmt":"2022-03-03T06:56:29","slug":"homepage-1","status":"publish","type":"page","link":"https:\/\/tischlerei-hartberger.at\/","title":{"rendered":"Startseite"},"content":{"rendered":"<p>[vc_row full_width=&#8220;stretch_row_content_no_spaces&#8220;][vc_column][rev_slider_vc alias=&#8220;home-1&#8243;][\/vc_column][\/vc_row][vc_row full_width=&#8220;stretch_row&#8220; css=&#8220;.vc_custom_1482243531078{background-color: #f6f6f6 !important;}&#8220;][vc_column][vc_empty_space alter_height=&#8220;small_plus&#8220; hide_on_mobile=&#8220;&#8220;]<div class=\"sc_services sc_services_default\"data-slides-per-view=\"5\" data-slides-min-width=\"200\"\t\t>\n\t\t<div class=\"sc_services_columns sc_item_columns sc_item_columns_5 trx_addons_columns_wrap columns_padding_bottom\"><div class=\"trx_addons_column-1_5\"><div class=\"sc_services_item without_content with_icon sc_services_item_featured_top\">\n\t<a href=\"https:\/\/tischlerei-hartberger.at\/?cpt_services=interior\"\n\t\t\t id=\"sc_services_784513799_icon-icon1\"\n\t\t\t class=\"sc_services_item_icon icon-icon1\"\n\t\t\t ><\/a>\t\n\t<div class=\"sc_services_item_info\">\n\t\t<div class=\"sc_services_item_header\">\n\t\t\t<h4 class=\"sc_services_item_title\"><a href=\"https:\/\/tischlerei-hartberger.at\/?cpt_services=interior\">Einrichtungen<\/a><\/h4>\n\t\t\t<div class=\"sc_services_item_subtitle\"><a href=\"https:\/\/tischlerei-hartberger.at\/?cpt_services_group=leistungen\" title=\"View all posts in Unsere Leistungen\">Unsere Leistungen<\/a><\/div>\n\t\t<\/div>\n\t\t\t<\/div>\n<\/div>\n<\/div><div class=\"trx_addons_column-1_5\"><div class=\"sc_services_item without_content with_icon sc_services_item_featured_top\">\n\t<a href=\"https:\/\/tischlerei-hartberger.at\/?cpt_services=furniture\"\n\t\t\t id=\"sc_services_784513799_icon-icon2\"\n\t\t\t class=\"sc_services_item_icon icon-icon2\"\n\t\t\t ><\/a>\t\n\t<div class=\"sc_services_item_info\">\n\t\t<div class=\"sc_services_item_header\">\n\t\t\t<h4 class=\"sc_services_item_title\"><a href=\"https:\/\/tischlerei-hartberger.at\/?cpt_services=furniture\">Ma\u00dfm\u00f6bel<\/a><\/h4>\n\t\t\t<div class=\"sc_services_item_subtitle\"><a href=\"https:\/\/tischlerei-hartberger.at\/?cpt_services_group=leistungen\" title=\"View all posts in Unsere Leistungen\">Unsere Leistungen<\/a><\/div>\n\t\t<\/div>\n\t\t\t<\/div>\n<\/div>\n<\/div><div class=\"trx_addons_column-1_5\"><div class=\"sc_services_item without_content with_icon sc_services_item_featured_top\">\n\t<a href=\"https:\/\/tischlerei-hartberger.at\/?cpt_services=montage\"\n\t\t\t id=\"sc_services_784513799_icon-tools\"\n\t\t\t class=\"sc_services_item_icon icon-tools\"\n\t\t\t ><\/a>\t\n\t<div class=\"sc_services_item_info\">\n\t\t<div class=\"sc_services_item_header\">\n\t\t\t<h4 class=\"sc_services_item_title\"><a href=\"https:\/\/tischlerei-hartberger.at\/?cpt_services=montage\">Montage<\/a><\/h4>\n\t\t\t<div class=\"sc_services_item_subtitle\"><a href=\"https:\/\/tischlerei-hartberger.at\/?cpt_services_group=leistungen\" title=\"View all posts in Unsere Leistungen\">Unsere Leistungen<\/a><\/div>\n\t\t<\/div>\n\t\t\t<\/div>\n<\/div>\n<\/div><div class=\"trx_addons_column-1_5\"><div class=\"sc_services_item without_content with_icon sc_services_item_featured_top\">\n\t<a href=\"https:\/\/tischlerei-hartberger.at\/?cpt_services=handmade\"\n\t\t\t id=\"sc_services_784513799_icon-icon4\"\n\t\t\t class=\"sc_services_item_icon icon-icon4\"\n\t\t\t ><\/a>\t\n\t<div class=\"sc_services_item_info\">\n\t\t<div class=\"sc_services_item_header\">\n\t\t\t<h4 class=\"sc_services_item_title\"><a href=\"https:\/\/tischlerei-hartberger.at\/?cpt_services=handmade\">Handgefertigt<\/a><\/h4>\n\t\t\t<div class=\"sc_services_item_subtitle\"><a href=\"https:\/\/tischlerei-hartberger.at\/?cpt_services_group=leistungen\" title=\"View all posts in Unsere Leistungen\">Unsere Leistungen<\/a><\/div>\n\t\t<\/div>\n\t\t\t<\/div>\n<\/div>\n<\/div><div class=\"trx_addons_column-1_5\"><div class=\"sc_services_item without_content with_icon sc_services_item_featured_top\">\n\t<a href=\"https:\/\/tischlerei-hartberger.at\/?cpt_services=lamellentueren\"\n\t\t\t id=\"sc_services_784513799_icon-icon5\"\n\t\t\t class=\"sc_services_item_icon icon-icon5\"\n\t\t\t ><\/a>\t\n\t<div class=\"sc_services_item_info\">\n\t\t<div class=\"sc_services_item_header\">\n\t\t\t<h4 class=\"sc_services_item_title\"><a href=\"https:\/\/tischlerei-hartberger.at\/?cpt_services=lamellentueren\">Lamellent\u00fcren<\/a><\/h4>\n\t\t\t<div class=\"sc_services_item_subtitle\"><a href=\"https:\/\/tischlerei-hartberger.at\/?cpt_services_group=leistungen\" title=\"View all posts in Unsere Leistungen\">Unsere Leistungen<\/a><\/div>\n\t\t<\/div>\n\t\t\t<\/div>\n<\/div>\n<\/div><\/div><\/div><!-- \/.sc_services -->[vc_empty_space alter_height=&#8220;small_minus&#8220; hide_on_mobile=&#8220;&#8220;][\/vc_column][\/vc_row][vc_row][vc_column][vc_empty_space alter_height=&#8220;huge&#8220; hide_on_mobile=&#8220;&#8220;]<div  id=\"sc_promo_1910495585\" \n\tclass=\"sc_promo clearfix sc_promo_modern sc_promo_size_normal sc_promo_image_position_left\"\n\t\t><div class=\"sc_promo_image_wrap\" style=\"width:58.33333333%;left: 0;\"><div class=\"sc_promo_image\" style=\"background-image:url(https:\/\/tischlerei-hartberger.at\/wp-content\/uploads\/2021\/07\/arbeiter-freepik.jpg);\"><\/div><\/div><div class=\"sc_promo_text\" style=\"width: 68.5%;float: right;\">\n\t\t\t<div class=\"sc_promo_text_inner\" style=\"background-color:#e2b709;\"><div class=\"sc_title_container\"><h6 class=\"sc_item_subtitle sc_promo_subtitle sc_align_default sc_item_title_style_default\">\u00dcber uns<\/h6><h3 class=\"sc_item_title sc_promo_title sc_align_default sc_item_title_style_default\">Ihre Tischlerei in Gloggnitz<\/h3><div class=\"sc_item_descr sc_promo_descr sc_align_default\">Die Freude bei der sorgf\u00e4ltigen Herstellung der M\u00f6bel durch unsere langj\u00e4hrige Handwerkskunst, spiegelt sich in der hochwertigen Qualit\u00e4t unserer Produkte wider!<\/div><\/div><div class=\"sc_item_button sc_item_button_simple sc_promo_button sc_align_default sc_button_wrap\"><a href=\"https:\/\/tischlerei-hartberger.at\/?page_id=204\" id=\"sc_button_1772156873\" class=\"sc_button sc_button_simple sc_button_size_normal sc_button_icon_left\"><span class=\"sc_button_text\"><span class=\"sc_button_title\">Mehr \u00fcber uns<\/span><\/span><!-- \/.sc_button_text --><\/a><!-- \/.sc_button --><\/div><!-- \/.sc_item_button sc_item_button_simple sc_promo_button sc_align_default --><\/div><div class=\"sc_promo_text2\">\t\t<\/div><!-- \/.sc_promo_text -->\n        <\/div><\/div><!-- \/.sc_promo -->[vc_empty_space alter_height=&#8220;huge&#8220; hide_on_mobile=&#8220;&#8220;][\/vc_column][\/vc_row][vc_row full_width=&#8220;stretch_row&#8220; css=&#8220;.vc_custom_1482245519976{background-image: url(http:\/\/gravity.axiomthemes.com\/wp-content\/uploads\/2016\/12\/home1_bg1.jpg?id=360) !important;background-position: center !important;background-repeat: no-repeat !important;background-size: cover !important;}&#8220;][vc_column width=&#8220;1\/2&#8243;][vc_empty_space alter_height=&#8220;huge_minus&#8220; hide_on_mobile=&#8220;&#8220;]<div id=\"sc_title_1296663194\"\n\t\tclass=\"sc_title sc_title_default\"><div class=\"sc_title_container\"><h1 class=\"sc_item_title sc_title_title sc_align_default sc_item_title_style_inverse sc_item_title_tag\">M\u00f6belherstellung ist unsere Leidenschaft!<\/h1><\/div><\/div><!-- \/.sc_title -->[vc_empty_space hide_on_mobile=&#8220;&#8220;][vc_empty_space alter_height=&#8220;large&#8220; hide_on_mobile=&#8220;&#8220;][\/vc_column][vc_column width=&#8220;1\/2&#8243;][\/vc_column][\/vc_row][vc_row full_width=&#8220;stretch_row&#8220; css=&#8220;.vc_custom_1484819385417{background-color: #f6f6f6 !important;background-position: center !important;background-repeat: no-repeat !important;background-size: cover !important;}&#8220;][vc_column][vc_empty_space hide_on_mobile=&#8220;&#8220;]<div class=\"sc_services sc_services_light\"data-slides-per-view=\"3\" data-slides-min-width=\"200\"\t\t>\n\t\t<div class=\"sc_title_container\"><h6 class=\"sc_item_subtitle sc_services_subtitle sc_align_default sc_item_title_style_default\">Unser Service<\/h6><\/div><div class=\"sc_services_columns sc_item_columns sc_item_columns_3 trx_addons_columns_wrap columns_padding_bottom\"><div class=\"trx_addons_column-1_3\"><div class=\"sc_services_item with_content with_icon sc_services_item_featured_top \">\n\t<a href=\"https:\/\/tischlerei-hartberger.at\/?cpt_services=concept\"\n\t\t\t id=\"sc_services_1605978129_62\"\n\t\t\t class=\"sc_services_item_icon no_icon\"\n\t\t\t ><\/a>\t\n\t<div class=\"sc_services_item_info\">\n\t\t<div class=\"sc_services_item_header\">\n\t\t\t\t\t\t<h6 class=\"sc_services_item_title\"><a href=\"https:\/\/tischlerei-hartberger.at\/?cpt_services=concept\">Konzept\/Planung<\/a><\/h6>\n\t\t\t<div class=\"sc_services_item_subtitle\"><a href=\"https:\/\/tischlerei-hartberger.at\/?cpt_services_group=what-we-do\" title=\"View all posts in Unser Service\">Unser Service<\/a><\/div>\t\t<\/div>\n\t\t\t\t\t<div class=\"sc_services_item_content\"><p>Der erste Schritt zu ihrem neuen M\u00f6belst\u00fcck beginnt bei der sorgf\u00e4ltigen Planung.<br \/>\nHierbei gehen wir nat\u00fcrlich speziell auf Kundenw\u00fcnsche ein. Nach anschlie\u00dfender interner Kontrolle und<br \/>\nFreigabe vom Kunden erfolgt die Produktion!<\/p>\n<\/div>\n\t\t\t<div class=\"sc_services_item_button sc_item_button\"><a href=\"https:\/\/tischlerei-hartberger.at\/?cpt_services=concept\" class=\"sc_button sc_button_simple\">Details<\/a><\/div>\n\t\t\t<\/div>\n<\/div>\n<\/div><div class=\"trx_addons_column-1_3\"><div class=\"sc_services_item with_content with_icon sc_services_item_featured_top \">\n\t<a href=\"https:\/\/tischlerei-hartberger.at\/?cpt_services=design\"\n\t\t\t id=\"sc_services_1605978129_62\"\n\t\t\t class=\"sc_services_item_icon no_icon\"\n\t\t\t ><\/a>\t\n\t<div class=\"sc_services_item_info\">\n\t\t<div class=\"sc_services_item_header\">\n\t\t\t\t\t\t<h6 class=\"sc_services_item_title\"><a href=\"https:\/\/tischlerei-hartberger.at\/?cpt_services=design\">Produktion<\/a><\/h6>\n\t\t\t<div class=\"sc_services_item_subtitle\"><a href=\"https:\/\/tischlerei-hartberger.at\/?cpt_services_group=what-we-do\" title=\"View all posts in Unser Service\">Unser Service<\/a><\/div>\t\t<\/div>\n\t\t\t\t\t<div class=\"sc_services_item_content\"><p>\u00dcber 60 Jahren gibt es bereits unseren Betrieb. Unsere Erfahrungen und Begeisterung f\u00fcr unser Handwerk lassen wir<br \/>\nauch in unsere selbst gefertigten Produkte einflie\u00dfen, das sp\u00fcrt auch unser Kunde. H\u00f6chste Zufriedenheit ist unsere Priorit\u00e4t!<\/p>\n<\/div>\n\t\t\t<div class=\"sc_services_item_button sc_item_button\"><a href=\"https:\/\/tischlerei-hartberger.at\/?cpt_services=design\" class=\"sc_button sc_button_simple\">Details<\/a><\/div>\n\t\t\t<\/div>\n<\/div>\n<\/div><div class=\"trx_addons_column-1_3\"><div class=\"sc_services_item with_content with_icon sc_services_item_featured_top \">\n\t<a href=\"https:\/\/tischlerei-hartberger.at\/?cpt_services=development\"\n\t\t\t id=\"sc_services_1605978129_87\"\n\t\t\t class=\"sc_services_item_icon no_icon\"\n\t\t\t ><\/a>\t\n\t<div class=\"sc_services_item_info\">\n\t\t<div class=\"sc_services_item_header\">\n\t\t\t\t\t\t<h6 class=\"sc_services_item_title\"><a href=\"https:\/\/tischlerei-hartberger.at\/?cpt_services=development\">Lieferung<\/a><\/h6>\n\t\t\t<div class=\"sc_services_item_subtitle\"><a href=\"https:\/\/tischlerei-hartberger.at\/?cpt_services_group=what-we-do\" title=\"View all posts in Unser Service\">Unser Service<\/a><\/div>\t\t<\/div>\n\t\t\t\t\t<div class=\"sc_services_item_content\"><p>Selbstverst\u00e4ndlich bauen wir Ihre M\u00f6bel auch vor Ort auf, sodass Sie sich gem\u00fctlich zur\u00fccklehnen k\u00f6nnen.<br \/>\nGenie\u00dfen Sie unseren Service!<\/p>\n<\/div>\n\t\t\t<div class=\"sc_services_item_button sc_item_button\"><a href=\"https:\/\/tischlerei-hartberger.at\/?cpt_services=development\" class=\"sc_button sc_button_simple\">Details<\/a><\/div>\n\t\t\t<\/div>\n<\/div>\n<\/div><\/div><\/div><!-- \/.sc_services -->[vc_empty_space alter_height=&#8220;large&#8220; hide_on_mobile=&#8220;&#8220;][\/vc_column][\/vc_row][vc_row][vc_column][vc_empty_space alter_height=&#8220;huge&#8220; hide_on_mobile=&#8220;&#8220;][\/vc_column][\/vc_row]<\/p>\n","protected":false},"excerpt":{"rendered":"<p>[vc_row full_width=&#8220;stretch_row_content_no_spaces&#8220;][vc_column][rev_slider_vc alias=&#8220;home-1&#8243;][\/vc_column][\/vc_row][vc_row full_width=&#8220;stretch_row&#8220; css=&#8220;.vc_custom_1482243531078{background-color: #f6f6f6 !important;}&#8220;][vc_column][vc_empty_space alter_height=&#8220;small_plus&#8220; hide_on_mobile=&#8220;&#8220;][vc_empty_space alter_height=&#8220;small_minus&#8220; hide_on_mobile=&#8220;&#8220;][\/vc_column][\/vc_row][vc_row][vc_column][vc_empty_space alter_height=&#8220;huge&#8220; hide_on_mobile=&#8220;&#8220;][vc_empty_space alter_height=&#8220;huge&#8220; hide_on_mobile=&#8220;&#8220;][\/vc_column][\/vc_row][vc_row full_width=&#8220;stretch_row&#8220; css=&#8220;.vc_custom_1482245519976{background-image: url(http:\/\/gravity.axiomthemes.com\/wp-content\/uploads\/2016\/12\/home1_bg1.jpg?id=360) !important;background-position: center !important;background-repeat: no-repeat !important;background-size: cover !important;}&#8220;][vc_column width=&#8220;1\/2&#8243;][vc_empty_space alter_height=&#8220;huge_minus&#8220; hide_on_mobile=&#8220;&#8220;][vc_empty_space hide_on_mobile=&#8220;&#8220;][vc_empty_space alter_height=&#8220;large&#8220;&hellip;<\/p>\n","protected":false},"author":1,"featured_media":0,"parent":0,"menu_order":0,"comment_status":"closed","ping_status":"closed","template":"","meta":{"footnotes":""},"class_list":["post-5","page","type-page","status-publish","hentry"],"yoast_head":"<!-- This site is optimized with the Yoast SEO plugin v16.7 - https:\/\/yoast.com\/wordpress\/plugins\/seo\/ -->\n<title>Tischlerei Hartberger - Erzeugung von Lamellent\u00fcren<\/title>\n<meta name=\"description\" content=\"Tischlerei Gloggnitz, Lamellent\u00fcren, Lamellenfenster, Hauseigene Produktion, Leopold Hartberger, Tischlerei Hartberger\" \/>\n<meta name=\"robots\" content=\"index, follow, max-snippet:-1, max-image-preview:large, max-video-preview:-1\" \/>\n<link rel=\"canonical\" href=\"https:\/\/tischlerei-hartberger.at\/\" \/>\n<meta property=\"og:locale\" content=\"de_DE\" \/>\n<meta property=\"og:type\" content=\"article\" \/>\n<meta property=\"og:title\" content=\"Tischlerei Hartberger - Erzeugung von Lamellent\u00fcren\" \/>\n<meta property=\"og:description\" content=\"Tischlerei Gloggnitz, Lamellent\u00fcren, Lamellenfenster, Hauseigene Produktion, Leopold Hartberger, Tischlerei Hartberger\" \/>\n<meta property=\"og:url\" content=\"https:\/\/tischlerei-hartberger.at\/\" \/>\n<meta property=\"og:site_name\" content=\"Tischlerei Hartberger\" \/>\n<meta property=\"article:modified_time\" content=\"2022-03-03T06:56:29+00:00\" \/>\n<meta name=\"twitter:card\" content=\"summary_large_image\" \/>\n<meta name=\"twitter:label1\" content=\"Gesch\u00e4tzte Lesezeit\" \/>\n\t<meta name=\"twitter:data1\" content=\"1\u00a0Minute\" \/>\n<script type=\"application\/ld+json\" class=\"yoast-schema-graph\">{\"@context\":\"https:\/\/schema.org\",\"@graph\":[{\"@type\":\"Organization\",\"@id\":\"https:\/\/tischlerei-hartberger.at\/#organization\",\"name\":\"Tischlerei Hartberger\",\"url\":\"https:\/\/tischlerei-hartberger.at\/\",\"sameAs\":[],\"logo\":{\"@type\":\"ImageObject\",\"@id\":\"https:\/\/tischlerei-hartberger.at\/#logo\",\"inLanguage\":\"de\",\"url\":\"https:\/\/tischlerei-hartberger.at\/wp-content\/uploads\/2021\/07\/logo1-ganz.jpg\",\"contentUrl\":\"https:\/\/tischlerei-hartberger.at\/wp-content\/uploads\/2021\/07\/logo1-ganz.jpg\",\"width\":718,\"height\":85,\"caption\":\"Tischlerei Hartberger\"},\"image\":{\"@id\":\"https:\/\/tischlerei-hartberger.at\/#logo\"}},{\"@type\":\"WebSite\",\"@id\":\"https:\/\/tischlerei-hartberger.at\/#website\",\"url\":\"https:\/\/tischlerei-hartberger.at\/\",\"name\":\"Tischlerei Hartberger\",\"description\":\"Erzeugung von Lamellent\\u00fcren\",\"publisher\":{\"@id\":\"https:\/\/tischlerei-hartberger.at\/#organization\"},\"potentialAction\":[{\"@type\":\"SearchAction\",\"target\":{\"@type\":\"EntryPoint\",\"urlTemplate\":\"https:\/\/tischlerei-hartberger.at\/?s={search_term_string}\"},\"query-input\":\"required name=search_term_string\"}],\"inLanguage\":\"de\"},{\"@type\":\"WebPage\",\"@id\":\"https:\/\/tischlerei-hartberger.at\/#webpage\",\"url\":\"https:\/\/tischlerei-hartberger.at\/\",\"name\":\"Tischlerei Hartberger - Erzeugung von Lamellent\\u00fcren\",\"isPartOf\":{\"@id\":\"https:\/\/tischlerei-hartberger.at\/#website\"},\"datePublished\":\"2016-12-02T10:44:36+00:00\",\"dateModified\":\"2022-03-03T06:56:29+00:00\",\"description\":\"Tischlerei Gloggnitz, Lamellent\\u00fcren, Lamellenfenster, Hauseigene Produktion, Leopold Hartberger, Tischlerei Hartberger\",\"breadcrumb\":{\"@id\":\"https:\/\/tischlerei-hartberger.at\/#breadcrumb\"},\"inLanguage\":\"de\",\"potentialAction\":[{\"@type\":\"ReadAction\",\"target\":[\"https:\/\/tischlerei-hartberger.at\/\"]}]},{\"@type\":\"BreadcrumbList\",\"@id\":\"https:\/\/tischlerei-hartberger.at\/#breadcrumb\",\"itemListElement\":[{\"@type\":\"ListItem\",\"position\":1,\"name\":\"Startseite\",\"item\":\"https:\/\/tischlerei-hartberger.at\/\"},{\"@type\":\"ListItem\",\"position\":2,\"name\":\"Startseite\"}]}]}<\/script>\n<!-- \/ Yoast SEO plugin. -->","yoast_head_json":{"title":"Tischlerei Hartberger - Erzeugung von Lamellent\u00fcren","description":"Tischlerei Gloggnitz, Lamellent\u00fcren, Lamellenfenster, Hauseigene Produktion, Leopold Hartberger, Tischlerei Hartberger","robots":{"index":"index","follow":"follow","max-snippet":"max-snippet:-1","max-image-preview":"max-image-preview:large","max-video-preview":"max-video-preview:-1"},"canonical":"https:\/\/tischlerei-hartberger.at\/","og_locale":"de_DE","og_type":"article","og_title":"Tischlerei Hartberger - Erzeugung von Lamellent\u00fcren","og_description":"Tischlerei Gloggnitz, Lamellent\u00fcren, Lamellenfenster, Hauseigene Produktion, Leopold Hartberger, Tischlerei Hartberger","og_url":"https:\/\/tischlerei-hartberger.at\/","og_site_name":"Tischlerei Hartberger","article_modified_time":"2022-03-03T06:56:29+00:00","twitter_card":"summary_large_image","twitter_misc":{"Gesch\u00e4tzte Lesezeit":"1\u00a0Minute"},"schema":{"@context":"https:\/\/schema.org","@graph":[{"@type":"Organization","@id":"https:\/\/tischlerei-hartberger.at\/#organization","name":"Tischlerei Hartberger","url":"https:\/\/tischlerei-hartberger.at\/","sameAs":[],"logo":{"@type":"ImageObject","@id":"https:\/\/tischlerei-hartberger.at\/#logo","inLanguage":"de","url":"https:\/\/tischlerei-hartberger.at\/wp-content\/uploads\/2021\/07\/logo1-ganz.jpg","contentUrl":"https:\/\/tischlerei-hartberger.at\/wp-content\/uploads\/2021\/07\/logo1-ganz.jpg","width":718,"height":85,"caption":"Tischlerei Hartberger"},"image":{"@id":"https:\/\/tischlerei-hartberger.at\/#logo"}},{"@type":"WebSite","@id":"https:\/\/tischlerei-hartberger.at\/#website","url":"https:\/\/tischlerei-hartberger.at\/","name":"Tischlerei Hartberger","description":"Erzeugung von Lamellent\u00fcren","publisher":{"@id":"https:\/\/tischlerei-hartberger.at\/#organization"},"potentialAction":[{"@type":"SearchAction","target":{"@type":"EntryPoint","urlTemplate":"https:\/\/tischlerei-hartberger.at\/?s={search_term_string}"},"query-input":"required name=search_term_string"}],"inLanguage":"de"},{"@type":"WebPage","@id":"https:\/\/tischlerei-hartberger.at\/#webpage","url":"https:\/\/tischlerei-hartberger.at\/","name":"Tischlerei Hartberger - Erzeugung von Lamellent\u00fcren","isPartOf":{"@id":"https:\/\/tischlerei-hartberger.at\/#website"},"datePublished":"2016-12-02T10:44:36+00:00","dateModified":"2022-03-03T06:56:29+00:00","description":"Tischlerei Gloggnitz, Lamellent\u00fcren, Lamellenfenster, Hauseigene Produktion, Leopold Hartberger, Tischlerei Hartberger","breadcrumb":{"@id":"https:\/\/tischlerei-hartberger.at\/#breadcrumb"},"inLanguage":"de","potentialAction":[{"@type":"ReadAction","target":["https:\/\/tischlerei-hartberger.at\/"]}]},{"@type":"BreadcrumbList","@id":"https:\/\/tischlerei-hartberger.at\/#breadcrumb","itemListElement":[{"@type":"ListItem","position":1,"name":"Startseite","item":"https:\/\/tischlerei-hartberger.at\/"},{"@type":"ListItem","position":2,"name":"Startseite"}]}]}},"_links":{"self":[{"href":"https:\/\/tischlerei-hartberger.at\/index.php?rest_route=\/wp\/v2\/pages\/5","targetHints":{"allow":["GET"]}}],"collection":[{"href":"https:\/\/tischlerei-hartberger.at\/index.php?rest_route=\/wp\/v2\/pages"}],"about":[{"href":"https:\/\/tischlerei-hartberger.at\/index.php?rest_route=\/wp\/v2\/types\/page"}],"author":[{"embeddable":true,"href":"https:\/\/tischlerei-hartberger.at\/index.php?rest_route=\/wp\/v2\/users\/1"}],"replies":[{"embeddable":true,"href":"https:\/\/tischlerei-hartberger.at\/index.php?rest_route=%2Fwp%2Fv2%2Fcomments&post=5"}],"version-history":[{"count":21,"href":"https:\/\/tischlerei-hartberger.at\/index.php?rest_route=\/wp\/v2\/pages\/5\/revisions"}],"predecessor-version":[{"id":1386,"href":"https:\/\/tischlerei-hartberger.at\/index.php?rest_route=\/wp\/v2\/pages\/5\/revisions\/1386"}],"wp:attachment":[{"href":"https:\/\/tischlerei-hartberger.at\/index.php?rest_route=%2Fwp%2Fv2%2Fmedia&parent=5"}],"curies":[{"name":"wp","href":"https:\/\/api.w.org\/{rel}","templated":true}]}}